{"id":30,"date":"2026-03-31T11:48:29","date_gmt":"2026-03-31T11:48:29","guid":{"rendered":"https:\/\/festjazzdivi5.blackmountainstudio.fr\/?page_id=30"},"modified":"2026-04-30T23:30:15","modified_gmt":"2026-04-30T21:30:15","slug":"nos-partenaires","status":"publish","type":"page","link":"https:\/\/fest-jazz.com\/en\/nos-partenaires\/","title":{"rendered":"Our partners"},"content":{"rendered":"<div class=\"et_pb_section_0 et_pb_section et_section_regular et_block_section\">\n<div class=\"et_pb_row_0 et_pb_row et_flex_row preset--group--divi-row--divi-spacing--nested--v510ztxdvr preset--group--divi-row--divi-sizing--h1k452m--nested--yt2xqksxyy preset--module--divi-row--68c1g8de6b\">\n<div class=\"et_pb_column_0 et_pb_column et-last-child et_flex_column et_pb_css_mix_blend_mode_passthrough et_flex_column_24_24 et_flex_column_24_24_tablet et_flex_column_24_24_phone et_flex_column_24_24_tabletWide\">\n<div class=\"et_pb_heading_0 et_pb_heading et_pb_module et_flex_module\"><div class=\"et_pb_heading_container\"><h1 class=\"et_pb_module_header\">Our partners\n<\/h1><\/div><\/div>\n<\/div>\n<\/div>\n\n<div class=\"et_pb_row_1 et_pb_row et_flex_row preset--group--divi-row--divi-spacing--nested--v510ztxdvr preset--group--divi-row--divi-sizing--h1k452m--nested--yt2xqksxyy preset--module--divi-row--68c1g8de6b\">\n<div class=\"et_pb_column_1 et_pb_column et-last-child et_flex_column et_pb_css_mix_blend_mode_passthrough et_flex_column_24_24 et_flex_column_24_24_tablet et_flex_column_24_24_phone et_flex_column_24_24_tabletWide\">\n<div class=\"et_pb_image_0 et_pb_image et_pb_image_sticky et_pb_module et_flex_module\"><span class=\"et_pb_image_wrap\"><img loading=\"lazy\" decoding=\"async\" src=\"https:\/\/fest-jazz.com\/wp-content\/uploads\/2026\/04\/partenaire-page.webp\" alt=\"Nos partenaires\" title=\"Our partners\" width=\"2732\" height=\"3314\" srcset=\"https:\/\/fest-jazz.com\/wp-content\/uploads\/2026\/04\/partenaire-page.webp 2732w\" sizes=\"(max-width: 2732px) 100vw, 2732px\" class=\"wp-image-592\" \/><\/span><\/div>\n<\/div>\n<\/div>\n<\/div>\n\n<div class=\"et_pb_section_1 et_pb_section et_section_regular et_block_section section_has_divider et_pb_bottom_divider\">\n<div class=\"et_pb_row_2 et_pb_row et_flex_row preset--group--divi-row--divi-spacing--nested--v510ztxdvr preset--group--divi-row--divi-sizing--h1k452m--nested--yt2xqksxyy preset--module--divi-row--68c1g8de6b\">\n<div class=\"et_pb_column_2 et_pb_column et-last-child et_flex_column et_pb_css_mix_blend_mode_passthrough et_flex_column_24_24 et_flex_column_24_24_tablet et_flex_column_24_24_phone et_flex_column_24_24_tabletWide\">\n<div class=\"et_pb_heading_1 et_pb_heading et_pb_module et_flex_module\"><div class=\"et_pb_heading_container\"><h1 class=\"et_pb_module_header\">OUR LOCAL TRADERS\n\n<\/h1><\/div><\/div>\n\n<div class=\"et_pb_text_0 et_pb_text et_pb_bg_layout_light et_pb_module et_flex_module preset--module--divi-text--zw7heqftvr\"><div class=\"et_pb_text_inner\"><p>Actuel Coiffure, AJM Constructions M\u00e9talliques, Aux Fleurs de l\u2019Aulne, Cocci Market, ETS : Trivallier-Lamanda, First Stop, Garage Salamani, Garage Le Moal, Gitem, Guyader Gastronomie, L\u2019Aquarius, L\u2019Astrolabe, Les Caves de l\u2019Argoat, Le Vent des Iles, Mat\u00e9riel M\u00e9dical Vitr\u00e9, Point Vert, S.A.B, SARL Lannuzel Quintin, SARL Moreau, Socopa, St\u00e9phane Emery Peinture, Thierry Gastronomique, Ty Saveurs, Vision Plus,<\/p>\n<\/div><\/div>\n\n<div class=\"et_pb_heading_2 et_pb_heading et_pb_module et_flex_module\"><div class=\"et_pb_heading_container\"><h2 class=\"et_pb_module_header\">You too can support the festival:<\/h2><\/div><\/div>\n\n<div class=\"et_pb_module et_pb_button_module_wrapper et_pb_button_0_wrapper preset--module--divi-button--default_wrapper\"><a class=\"et_pb_button_0 et_pb_button et_pb_bg_layout_light et_pb_module et_flex_module preset--module--divi-button--default\" href=\"https:\/\/www.helloasso.com\/associations\/jazz-kreiz-breizh\/adhesions\/adhesions-2026\" target=\"_blank\">I support!<\/a><\/div>\n<\/div>\n<\/div>\n<div class=\"et_pb_bottom_inside_divider et-no-transition\"><\/div><\/div>","protected":false},"excerpt":{"rendered":"","protected":false},"author":6,"featured_media":0,"parent":0,"menu_order":0,"comment_status":"closed","ping_status":"closed","template":"","meta":{"footnotes":""},"class_list":["post-30","page","type-page","status-publish","hentry"],"_links":{"self":[{"href":"https:\/\/fest-jazz.com\/en\/wp-json\/wp\/v2\/pages\/30","targetHints":{"allow":["GET"]}}],"collection":[{"href":"https:\/\/fest-jazz.com\/en\/wp-json\/wp\/v2\/pages"}],"about":[{"href":"https:\/\/fest-jazz.com\/en\/wp-json\/wp\/v2\/types\/page"}],"author":[{"embeddable":true,"href":"https:\/\/fest-jazz.com\/en\/wp-json\/wp\/v2\/users\/6"}],"replies":[{"embeddable":true,"href":"https:\/\/fest-jazz.com\/en\/wp-json\/wp\/v2\/comments?post=30"}],"version-history":[{"count":1,"href":"https:\/\/fest-jazz.com\/en\/wp-json\/wp\/v2\/pages\/30\/revisions"}],"predecessor-version":[{"id":1581,"href":"https:\/\/fest-jazz.com\/en\/wp-json\/wp\/v2\/pages\/30\/revisions\/1581"}],"wp:attachment":[{"href":"https:\/\/fest-jazz.com\/en\/wp-json\/wp\/v2\/media?parent=30"}],"curies":[{"name":"wp","href":"https:\/\/api.w.org\/{rel}","templated":true}]}}